{"id":665,"date":"2026-02-11T10:18:17","date_gmt":"2026-02-11T09:18:17","guid":{"rendered":"https:\/\/dorylansorena.es\/?page_id=665"},"modified":"2026-02-11T10:18:18","modified_gmt":"2026-02-11T09:18:18","slug":"el-tren-de-los-suenos","status":"publish","type":"page","link":"https:\/\/dorylansorena.es\/index.php\/el-tren-de-los-suenos\/","title":{"rendered":"EL TREN DE LOS SUE\u00d1OS"},"content":{"rendered":"\n<figure class=\"wp-block-image size-large\"><img fetchpriority=\"high\" decoding=\"async\" width=\"1024\" height=\"683\" src=\"https:\/\/dorylansorena.es\/wp-content\/uploads\/2026\/02\/403B8463-1E1E-4A72-B33E-44B20EAAA0B4-1024x683.png\" alt=\"\" class=\"wp-image-664\" srcset=\"https:\/\/dorylansorena.es\/wp-content\/uploads\/2026\/02\/403B8463-1E1E-4A72-B33E-44B20EAAA0B4-1024x683.png 1024w, https:\/\/dorylansorena.es\/wp-content\/uploads\/2026\/02\/403B8463-1E1E-4A72-B33E-44B20EAAA0B4-300x200.png 300w, https:\/\/dorylansorena.es\/wp-content\/uploads\/2026\/02\/403B8463-1E1E-4A72-B33E-44B20EAAA0B4-768x512.png 768w, https:\/\/dorylansorena.es\/wp-content\/uploads\/2026\/02\/403B8463-1E1E-4A72-B33E-44B20EAAA0B4.png 1536w\" sizes=\"(max-width: 1024px) 100vw, 1024px\" \/><\/figure>\n\n\n\n<p>Todos los sue\u00f1os merecen un viaje m\u00e1gico\u2026<\/p>\n\n\n\n<p>\ud83d\udcd6Mikel y Jon son dos hermanos so\u00f1adores que, una noche especial, suben a bordo del Tren de los Sue\u00f1os, una locomotora m\u00e1gica que surca el cielo<\/p>\n\n\n\n<p>recogiendo los deseos m\u00e1s puros de los ni\u00f1os. Acompa\u00f1ados por Kattalin, el duende jefe de estaci\u00f3n, vivir\u00e1n una aventura extraordinaria donde descubrir\u00e1n que los sue\u00f1os se cumplen con esfuerzo, valent\u00eda y generosidad.<\/p>\n\n\n\n<p>\ud83d\udcd6En este viaje recorrer\u00e1n puentes m\u00e1gicos, Ciudad Ilusi\u00f3n y cielos llenos de constelaciones, entregando sue\u00f1os que iluminan corazones. Pero hay un \u00faltimo sue\u00f1o, uno muy especial: el de Izar, que sue\u00f1a con ser ilustradora.<\/p>\n\n\n\n<p>Sin saberlo, Izar tambi\u00e9n ha subido al Tren de los Sue\u00f1os\u2026 y su talento ha dado vida a esta historia con sus ilustraciones.<\/p>\n\n\n\n<p>\u2728El tren de los sue\u00f1os\u2728 de \u2712\ufe0fDory Lansorena e ilustrado \ud83d\uddbc\ufe0fpor Izar Ormazabal, una Novedad Editorial IMPRESCINDIBLE.<\/p>\n\n\n\n<p>Gracias, Mikel y Jon, por recordarnos que los sue\u00f1os pueden hacerse<\/p>\n\n\n\n<p>realidad.<\/p>\n\n\n\n<p>\u00bfTe atreves a so\u00f1ar con nosotros?<\/p>\n\n\n\n<p>Enlace de venta\ud83d\udc47\ud83c\udffb<\/p>\n\n\n\n<figure class=\"wp-block-embed is-type-wp-embed is-provider-embed wp-block-embed-embed\"><div class=\"wp-block-embed__wrapper\">\n<blockquote class=\"wp-embedded-content\" data-secret=\"6WiX4UwnHI\"><a href=\"https:\/\/conmdemujer.es\/producto\/el-tren-de-los-suenos\/\">El tren de los sue\u00f1os<\/a><\/blockquote><iframe class=\"wp-embedded-content\" sandbox=\"allow-scripts\" security=\"restricted\" style=\"position: absolute; visibility: hidden;\" title=\"\u00abEl tren de los sue\u00f1os\u00bb \u2014 \" src=\"https:\/\/conmdemujer.es\/producto\/el-tren-de-los-suenos\/embed\/#?secret=ivp2fBmijJ#?secret=6WiX4UwnHI\" data-secret=\"6WiX4UwnHI\" width=\"600\" height=\"338\" frameborder=\"0\" marginwidth=\"0\" marginheight=\"0\" scrolling=\"no\"><\/iframe>\n<\/div><\/figure>\n\n\n\n<p>o&nbsp;<\/p>\n\n\n\n<p>Si lo quieres dedicado solicit\u00e1rmelo por privado.<\/p>\n\n\n\n<p><\/p>\n","protected":false},"excerpt":{"rendered":"<p>Todos los sue\u00f1os merecen un viaje m\u00e1gico\u2026 \ud83d\udcd6Mikel y Jon son dos hermanos so\u00f1adores que, una noche especial, suben a bordo del Tren de los Sue\u00f1os, una locomotora m\u00e1gica que surca el cielo recogiendo los deseos m\u00e1s puros de los ni\u00f1os. Acompa\u00f1ados por Kattalin, el duende jefe de estaci\u00f3n, vivir\u00e1n una aventura extraordinaria donde descubrir\u00e1n que los sue\u00f1os se cumplen con esfuerzo, valent\u00eda y generosidad. \ud83d\udcd6En este viaje recorrer\u00e1n puentes m\u00e1gicos, Ciudad Ilusi\u00f3n y cielos llenos de constelaciones, entregando sue\u00f1os que iluminan corazones. Pero hay un \u00faltimo sue\u00f1o, uno muy especial: el de Izar, que sue\u00f1a con ser ilustradora. Sin saberlo, Izar tambi\u00e9n ha subido al Tren de los Sue\u00f1os\u2026 y su talento ha dado vida a esta historia con sus ilustraciones. \u2728El tren de los sue\u00f1os\u2728 de \u2712\ufe0fDory Lansorena e ilustrado \ud83d\uddbc\ufe0fpor Izar Ormazabal, una Novedad Editorial IMPRESCINDIBLE. Gracias, Mikel y Jon, por recordarnos que los sue\u00f1os pueden hacerse realidad. \u00bfTe atreves a so\u00f1ar con nosotros? Enlace de venta\ud83d\udc47\ud83c\udffb o&nbsp; Si lo quieres dedicado solicit\u00e1rmelo por privado.<\/p>\n","protected":false},"author":1,"featured_media":0,"parent":0,"menu_order":0,"comment_status":"closed","ping_status":"closed","template":"","meta":{"om_disable_all_campaigns":false,"_monsterinsights_skip_tracking":false,"_monsterinsights_sitenote_active":false,"_monsterinsights_sitenote_note":"","_monsterinsights_sitenote_category":0,"footnotes":""},"class_list":["post-665","page","type-page","status-publish","hentry"],"aioseo_notices":[],"_links":{"self":[{"href":"https:\/\/dorylansorena.es\/index.php\/wp-json\/wp\/v2\/pages\/665","targetHints":{"allow":["GET"]}}],"collection":[{"href":"https:\/\/dorylansorena.es\/index.php\/wp-json\/wp\/v2\/pages"}],"about":[{"href":"https:\/\/dorylansorena.es\/index.php\/wp-json\/wp\/v2\/types\/page"}],"author":[{"embeddable":true,"href":"https:\/\/dorylansorena.es\/index.php\/wp-json\/wp\/v2\/users\/1"}],"replies":[{"embeddable":true,"href":"https:\/\/dorylansorena.es\/index.php\/wp-json\/wp\/v2\/comments?post=665"}],"version-history":[{"count":1,"href":"https:\/\/dorylansorena.es\/index.php\/wp-json\/wp\/v2\/pages\/665\/revisions"}],"predecessor-version":[{"id":666,"href":"https:\/\/dorylansorena.es\/index.php\/wp-json\/wp\/v2\/pages\/665\/revisions\/666"}],"wp:attachment":[{"href":"https:\/\/dorylansorena.es\/index.php\/wp-json\/wp\/v2\/media?parent=665"}],"curies":[{"name":"wp","href":"https:\/\/api.w.org\/{rel}","templated":true}]}}